{"id":108,"date":"2016-05-29T21:24:00","date_gmt":"2016-05-29T19:24:00","guid":{"rendered":"http:\/\/finstraco.statis.biz\/?page_id=108"},"modified":"2016-05-31T20:28:41","modified_gmt":"2016-05-31T18:28:41","slug":"contact","status":"publish","type":"page","link":"https:\/\/www.finstraco.sk\/index.php\/en\/contact\/","title":{"rendered":"CONTACT"},"content":{"rendered":"<p><strong>COMPANY INFORMATION<\/strong><\/p>\n<p>FINSTRACO, s. r. o.<br \/>\nPribinova 25<br \/>\n811 09 Bratislava<br \/>\nSlovak Republic<\/p>\n<p>Tel.: +421 2 5363 2894<br \/>\nFax: +421 2 5363 2895<br \/>\n<a href=\"https:\/\/www.finstraco.sk\">www.finstraco.sk<\/a><\/p>\n<p>Company is registered in the Commercial Register of the District Court Bratislava I,<br \/>\n<a href=\"http:\/\/www.orsr.sk\/vypis.asp?ID=36250&amp;SID=2&amp;P=0&amp;lan=en\" target=\"_blank\">section Sro, insert Nr. 27563\/B<\/a><\/p>\n<p><strong>CONTACT PERSONS<\/strong><\/p>\n<p>Ing. Jana \u0160ikulov\u00e1, PhD.<br \/>\ne-mail: <a href=\"mailto:jsikulova@finstraco.sk\">jsikulova@finstraco.sk<\/a><\/p>\n<p>RNDr. Tatiana Ferancov\u00e1, PhD.<br \/>\ne-mail: <a href=\"mailto:tferancova@finstraco.sk\">tferancova@finstraco.sk<\/a><\/p>\n","protected":false},"excerpt":{"rendered":"<p>COMPANY INFORMATION FINSTRACO, s. r. o. Pribinova 25 811 09 Bratislava Slovak Republic Tel.: +421 2 5363 2894 Fax: +421 2 5363 2895 www.finstraco.sk Company is registered in the Commercial Register of the District Court Bratislava I, section Sro, insert Nr. 27563\/B CONTACT PERSONS Ing. Jana \u0160ikulov\u00e1, PhD. e-mail: jsikulova@finstraco.sk RNDr. Tatiana Ferancov\u00e1, PhD. e-mail:&#8230;<\/p>\n","protected":false},"author":1,"featured_media":0,"parent":0,"menu_order":0,"comment_status":"closed","ping_status":"closed","template":"","meta":{"footnotes":""},"class_list":["post-108","page","type-page","status-publish","hentry"],"_links":{"self":[{"href":"https:\/\/www.finstraco.sk\/index.php\/wp-json\/wp\/v2\/pages\/108","targetHints":{"allow":["GET"]}}],"collection":[{"href":"https:\/\/www.finstraco.sk\/index.php\/wp-json\/wp\/v2\/pages"}],"about":[{"href":"https:\/\/www.finstraco.sk\/index.php\/wp-json\/wp\/v2\/types\/page"}],"author":[{"embeddable":true,"href":"https:\/\/www.finstraco.sk\/index.php\/wp-json\/wp\/v2\/users\/1"}],"replies":[{"embeddable":true,"href":"https:\/\/www.finstraco.sk\/index.php\/wp-json\/wp\/v2\/comments?post=108"}],"version-history":[{"count":5,"href":"https:\/\/www.finstraco.sk\/index.php\/wp-json\/wp\/v2\/pages\/108\/revisions"}],"predecessor-version":[{"id":203,"href":"https:\/\/www.finstraco.sk\/index.php\/wp-json\/wp\/v2\/pages\/108\/revisions\/203"}],"wp:attachment":[{"href":"https:\/\/www.finstraco.sk\/index.php\/wp-json\/wp\/v2\/media?parent=108"}],"curies":[{"name":"wp","href":"https:\/\/api.w.org\/{rel}","templated":true}]}}