{"id":24,"date":"2016-05-24T22:02:53","date_gmt":"2016-05-24T20:02:53","guid":{"rendered":"http:\/\/finstraco.statis.biz\/?page_id=24"},"modified":"2016-05-31T20:13:06","modified_gmt":"2016-05-31T18:13:06","slug":"analyticke-studie-a-prognozy","status":"publish","type":"page","link":"https:\/\/www.finstraco.sk\/index.php\/sk\/ponukane-produkty-a-sluzby\/analyticke-studie-a-prognozy\/","title":{"rendered":"ANALYTICK\u00c9 \u0160T\u00daDIE A PROGN\u00d3ZY"},"content":{"rendered":"<p style=\"text-align: justify;\">Dlhoro\u010dn\u00e9 teoretick\u00e9 i\u00a0praktick\u00e9 sk\u00fasenosti na\u0161ich odborn\u00edkov s vypracovan\u00edm analytick\u00fdch \u0161t\u00fadi\u00ed a\u00a0progn\u00f3z s\u00fa z\u00e1rukou ich vysoko kvalitn\u00e9ho spracovania na mieru \u0161it\u00e9ho po\u017eiadavk\u00e1m konkr\u00e9tneho klienta. <strong>Vyu\u017eite\u013enos\u0165<\/strong> t\u00fdchto \u0161t\u00fadi\u00ed je nesporn\u00e1 pri <strong>prij\u00edman\u00ed v\u00fdznamn\u00fdch strategick\u00fdch rozhodnut\u00ed zo strany mana\u017ementu podniku alebo region\u00e1lnych autor\u00edt<\/strong> a\u00a0pri <strong>tvorbe dlhodob\u00fdch podnikate\u013esk\u00fdch strat\u00e9gi\u00ed, <\/strong>resp.<strong> programov hospod\u00e1rskeho a\u00a0soci\u00e1lneho rozvoja obc\u00ed, miest a\u00a0samospr\u00e1vnych krajov<\/strong>.<\/p>\n<p style=\"text-align: justify;\">Ke\u010f\u017ee \u017eiaden subjekt nem\u00f4\u017ee na trhu \u00faspe\u0161ne fungova\u0165 bez toho, aby aspo\u0148 \u010diasto\u010dne poznal v\u00fdvojov\u00e9 tendencie a smery, maj\u00fa analytick\u00e9 \u0161t\u00fadie a progn\u00f3zy svoje stabiln\u00e9 miesto v\u00a0ponuke produktov a\u00a0slu\u017eieb na\u0161ej spolo\u010dnosti. Konkr\u00e9tne s\u00fa zameran\u00e9 na oblas\u0165:<\/p>\n<ul style=\"text-align: justify;\">\n<li><strong>makroekonomick\u00e9ho v\u00fdvoja SR a svetovej ekonomiky<\/strong> \u2013 tieto \u0161t\u00fadie spravidla hodnotia v\u00fdvoj \u0165a\u017eiskov\u00fdch centier svetovej ekonomiky z poh\u013eadu nimi vykazovan\u00fdch makroekonomick\u00fdch indik\u00e1torov; \u010falej v\u00fdvoj na finan\u010dn\u00fdch trhoch; identifikuj\u00fa zmeny a rizik\u00e1 sprev\u00e1dzaj\u00face v\u00fdvoj svetovej ekonomiky; predikuj\u00fa v\u00fdvoj k\u013e\u00fa\u010dov\u00fdch makroekonomick\u00fdch ukazovate\u013eov zvy\u010dajne v jednoro\u010dnom \u010dasovom horizonte (v z\u00e1vislosti od po\u017eiadavky klienta aj v dlh\u0161om \u010dasovom obdob\u00ed); celkovo nazna\u010duj\u00fa tendencie vo v\u00fdvoji svetovej ekonomiky a ich\u00a0dopad na v\u00fdvoj ekonomiky SR; z\u00a0poh\u013eadu SR \u0161t\u00fadie analyzuj\u00fa v\u00fdvoj makroekonomick\u00fdch ukazovate\u013eov vr\u00e1tane v\u00fdvoja na finan\u010dnom trhu a\u00a0v\u00a0bankovom sektore, ich s\u00fa\u010das\u0165ou je predikcia v\u00fdvoja na bud\u00face (i\u00a0viacro\u010dn\u00e9) obdobie a\u00a0jej determinanty<\/li>\n<li><strong>v\u00fdvoja jednotliv\u00fdch odvetv\u00ed hospod\u00e1rstva<\/strong> \u2013 odvetvov\u00e9 \u0161t\u00fadie zvy\u010dajne zah\u0155\u0148aj\u00fa v\u00fdvojov\u00e9 trendy na svetovom trhu v r\u00e1mci pr\u00edslu\u0161n\u00e9ho odvetvia; \u010falej hodnotenie s\u00fa\u010dasnej situ\u00e1cie a\u00a0perspekt\u00edvy bud\u00faceho v\u00fdvoja dan\u00e9ho odvetvia v\u00a0SR, konkuren\u010dn\u00e9 postavenie v\u00fdrobcov, atrakt\u00edvnos\u0165 a rizikovos\u0165 pr\u00edslu\u0161n\u00e9ho odvetvia z\u00a0poh\u013eadu alok\u00e1cie kapit\u00e1lu.<br \/>\nV z\u00e1vislosti od po\u017eiadavky klienta na\u0161i odborn\u00edci na profesion\u00e1lnej \u00farovni vypracuj\u00fa \u0161t\u00fadiu pokr\u00fdvaj\u00facu v\u0161etky alebo len parci\u00e1lne odvetvia n\u00e1rodn\u00e9ho hospod\u00e1rstva; rozsah a\u00a0\u0161trukt\u00fara \u0161t\u00fadi\u00ed je taktie\u017e flexibiln\u00e1.<\/li>\n<li><strong>soci\u00e1lno-ekonomick\u00e9ho rozvoja jednotliv\u00fdch regi\u00f3nov<\/strong> \u2013 region\u00e1lne \u0161t\u00fadie spravidla obsahuj\u00fa soci\u00e1lno-ekonomick\u00fa charakteristiku dan\u00e9ho regi\u00f3nu, jeho v\u00fdkonnos\u0165, charakteristiku \u0165a\u017eiskov\u00fdch odvetv\u00ed, \u0161trukt\u00faru podnikate\u013esk\u00e9ho sektora, v\u00fdznamn\u00e9 subjekty, rozsah invest\u00edci\u00ed, perspekt\u00edvy rozvoja dan\u00e9ho regi\u00f3nu.<br \/>\nV z\u00e1vislosti od po\u017eiadavky konkr\u00e9tneho klienta region\u00e1lne \u0161t\u00fadie m\u00f4\u017eu zah\u0155\u0148a\u0165 aj podrobn\u00fa anal\u00fdzu konkuren\u010dn\u00e9ho prostredia v\u00a0r\u00e1mci pr\u00edslu\u0161n\u00e9ho odvetvia alebo sektora.<\/li>\n<\/ul>\n","protected":false},"excerpt":{"rendered":"<p>Dlhoro\u010dn\u00e9 teoretick\u00e9 i\u00a0praktick\u00e9 sk\u00fasenosti na\u0161ich odborn\u00edkov s vypracovan\u00edm analytick\u00fdch \u0161t\u00fadi\u00ed a\u00a0progn\u00f3z s\u00fa z\u00e1rukou ich vysoko kvalitn\u00e9ho spracovania na mieru \u0161it\u00e9ho po\u017eiadavk\u00e1m konkr\u00e9tneho klienta. Vyu\u017eite\u013enos\u0165 t\u00fdchto \u0161t\u00fadi\u00ed je nesporn\u00e1 pri prij\u00edman\u00ed v\u00fdznamn\u00fdch strategick\u00fdch rozhodnut\u00ed zo strany mana\u017ementu podniku alebo region\u00e1lnych autor\u00edt a\u00a0pri tvorbe dlhodob\u00fdch podnikate\u013esk\u00fdch strat\u00e9gi\u00ed, resp. programov hospod\u00e1rskeho a\u00a0soci\u00e1lneho rozvoja obc\u00ed, miest a\u00a0samospr\u00e1vnych krajov. Ke\u010f\u017ee&#8230;<\/p>\n","protected":false},"author":1,"featured_media":0,"parent":22,"menu_order":1,"comment_status":"closed","ping_status":"closed","template":"","meta":{"footnotes":""},"class_list":["post-24","page","type-page","status-publish","hentry"],"_links":{"self":[{"href":"https:\/\/www.finstraco.sk\/index.php\/wp-json\/wp\/v2\/pages\/24","targetHints":{"allow":["GET"]}}],"collection":[{"href":"https:\/\/www.finstraco.sk\/index.php\/wp-json\/wp\/v2\/pages"}],"about":[{"href":"https:\/\/www.finstraco.sk\/index.php\/wp-json\/wp\/v2\/types\/page"}],"author":[{"embeddable":true,"href":"https:\/\/www.finstraco.sk\/index.php\/wp-json\/wp\/v2\/users\/1"}],"replies":[{"embeddable":true,"href":"https:\/\/www.finstraco.sk\/index.php\/wp-json\/wp\/v2\/comments?post=24"}],"version-history":[{"count":5,"href":"https:\/\/www.finstraco.sk\/index.php\/wp-json\/wp\/v2\/pages\/24\/revisions"}],"predecessor-version":[{"id":176,"href":"https:\/\/www.finstraco.sk\/index.php\/wp-json\/wp\/v2\/pages\/24\/revisions\/176"}],"up":[{"embeddable":true,"href":"https:\/\/www.finstraco.sk\/index.php\/wp-json\/wp\/v2\/pages\/22"}],"wp:attachment":[{"href":"https:\/\/www.finstraco.sk\/index.php\/wp-json\/wp\/v2\/media?parent=24"}],"curies":[{"name":"wp","href":"https:\/\/api.w.org\/{rel}","templated":true}]}}