{"id":47,"date":"2016-05-25T20:43:26","date_gmt":"2016-05-25T18:43:26","guid":{"rendered":"http:\/\/finstraco.statis.biz\/?page_id=47"},"modified":"2016-05-31T20:18:09","modified_gmt":"2016-05-31T18:18:09","slug":"studie-uskutocnitelnosti-investicnych-projektov","status":"publish","type":"page","link":"https:\/\/www.finstraco.sk\/index.php\/sk\/ponukane-produkty-a-sluzby\/studie-uskutocnitelnosti-investicnych-projektov\/","title":{"rendered":"\u0160T\u00daDIE USKUTO\u010cNITE\u013dNOSTI INVESTI\u010cN\u00ddCH PROJEKTOV"},"content":{"rendered":"<p style=\"text-align: justify;\">\u0160t\u00fadia uskuto\u010dnite\u013enosti je \u0161tandardne vyu\u017e\u00edvan\u00e1 v\u00a0predinvesti\u010dnej etape realiz\u00e1cie projektu. Cie\u013eom jej spracovania je pos\u00fadi\u0165 projektov\u00fd investi\u010dn\u00fd z\u00e1mer zo v\u0161etk\u00fdch mo\u017en\u00fdch h\u013ead\u00edsk (predov\u0161etk\u00fdm z\u00a0technick\u00e9ho, ekonomick\u00e9ho a\u00a0environment\u00e1lneho), identifikova\u0165 potenci\u00e1lne alternat\u00edvy rie\u0161enia projektu, zhodnoti\u0165 ich uskuto\u010dnite\u013enos\u0165 a\u00a0vytvori\u0165 tak kvalifikovan\u00fd podklad pre rozhodovanie o\u00a0v\u00fdbere najoptim\u00e1lnej\u0161ej alternat\u00edvy rie\u0161enia projektu.<\/p>\n<p style=\"text-align: justify;\">Pri spracovan\u00ed \u0161t\u00fadie uskuto\u010dnite\u013enosti investi\u010dn\u00e9ho z\u00e1meru pon\u00fakame:<\/p>\n<ul>\n<li style=\"text-align: justify;\">podrobn\u00fa anal\u00fdzu v\u00fdchod\u00edsk a\u00a0predpokladov realiz\u00e1cie projektu (soci\u00e1lno-ekonomick\u00fd, legislat\u00edvny a\u00a0environment\u00e1lny kontext)<\/li>\n<li style=\"text-align: justify;\">anal\u00fdzu s\u00fa\u010dasnej situ\u00e1cie a\u00a0o\u010dak\u00e1van\u00e9ho v\u00fdvoja relevantn\u00e9ho segmentu trhu a\u00a0jeho \u0161trukt\u00fary predov\u0161etk\u00fdm z\u00a0poh\u013eadu s\u00fa\u010dasnej a\u00a0o\u010dak\u00e1vanej ponuky a\u00a0dopytu po tovaroch, \u010di slu\u017eb\u00e1ch s\u00a0prihliadnut\u00edm na region\u00e1lne aspekty trhu a\u00a0o\u010dak\u00e1vania cie\u013eov\u00fdch skup\u00edn<\/li>\n<li style=\"text-align: justify;\">anal\u00fdzu postavenia investora a\u00a0jeho konkuren\u010dnej poz\u00edcie na pr\u00edslu\u0161nom trhu a\u00a0mo\u017enost\u00ed zv\u00fd\u0161enia v\u00fdkonnosti a konkuren\u010dnej schopnosti vo vz\u0165ahu k\u00a0z\u00e1meru projektu<\/li>\n<li style=\"text-align: justify;\">predstavenie zd\u00f4vodnenia projektu, jeho cie\u013eov a\u00a0o\u010dak\u00e1van\u00fdch po\u017eiadaviek rie\u0161enia<\/li>\n<li style=\"text-align: justify;\">identifik\u00e1ciu alternat\u00edv mo\u017en\u00e9ho rie\u0161enia<\/li>\n<li style=\"text-align: justify;\">anal\u00fdzu technick\u00fdch, technologick\u00fdch a\u00a0environment\u00e1lnych aspektov projektu<\/li>\n<li style=\"text-align: justify;\">vyhodnotenie alternat\u00edvnych rie\u0161en\u00ed a\u00a0v\u00fdber vhodnej projektovej alternat\u00edvy<\/li>\n<li style=\"text-align: justify;\">popis realiz\u00e1cie projektu \u2013 \u0161pecifik\u00e1cia potrebn\u00fdch aktiv\u00edt, projektov\u00e9ho t\u00edmu zlo\u017een\u00e9ho z\u00a0relevantn\u00fdch odborn\u00edkov maj\u00facich v\u00e4zbu na vecn\u00e9 zameranie projektu v\u00a0danej oblasti, vhodnej \u010dasovej a\u00a0finan\u010dnej \u0161trukt\u00fary realiz\u00e1cie projektu<\/li>\n<li style=\"text-align: justify;\">anal\u00fdzu n\u00e1kladov a\u00a0pr\u00ednosov projektu:\n<ul>\n<li style=\"text-align: justify;\">finan\u010dn\u00e1 anal\u00fdza &#8211; hodnotenie finan\u010dnej ziskovosti invest\u00edcie, ur\u010denie pr\u00edspevku v\u00a0pr\u00edpade projektov spolufinancovan\u00fdch z\u00a0fondov Eur\u00f3pskej \u00fanie, resp. in\u00fdch donorov, overenie finan\u010dnej trvalej udr\u017eate\u013enosti projektu<\/li>\n<li style=\"text-align: justify;\">ekonomick\u00e1 anal\u00fdza \u2013 ur\u010denie ekonomickej \u010distej s\u00fa\u010dasnej hodnoty (ENPV), miery ekonomickej n\u00e1vratnosti (ERR), pomeru v\u00fdnosy\/n\u00e1klady (B\/C)<\/li>\n<li style=\"text-align: justify;\">anal\u00fdza citlivosti a\u00a0riz\u00edk<\/li>\n<li style=\"text-align: justify;\">hodnotenie udr\u017eate\u013enosti projektu<\/li>\n<\/ul>\n<\/li>\n<li style=\"text-align: justify;\">hodnotenie environment\u00e1lnych dopadov realiz\u00e1cie projektu.<\/li>\n<\/ul>\n","protected":false},"excerpt":{"rendered":"<p>\u0160t\u00fadia uskuto\u010dnite\u013enosti je \u0161tandardne vyu\u017e\u00edvan\u00e1 v\u00a0predinvesti\u010dnej etape realiz\u00e1cie projektu. Cie\u013eom jej spracovania je pos\u00fadi\u0165 projektov\u00fd investi\u010dn\u00fd z\u00e1mer zo v\u0161etk\u00fdch mo\u017en\u00fdch h\u013ead\u00edsk (predov\u0161etk\u00fdm z\u00a0technick\u00e9ho, ekonomick\u00e9ho a\u00a0environment\u00e1lneho), identifikova\u0165 potenci\u00e1lne alternat\u00edvy rie\u0161enia projektu, zhodnoti\u0165 ich uskuto\u010dnite\u013enos\u0165 a\u00a0vytvori\u0165 tak kvalifikovan\u00fd podklad pre rozhodovanie o\u00a0v\u00fdbere najoptim\u00e1lnej\u0161ej alternat\u00edvy rie\u0161enia projektu. Pri spracovan\u00ed \u0161t\u00fadie uskuto\u010dnite\u013enosti investi\u010dn\u00e9ho z\u00e1meru pon\u00fakame: podrobn\u00fa anal\u00fdzu v\u00fdchod\u00edsk a\u00a0predpokladov&#8230;<\/p>\n","protected":false},"author":1,"featured_media":0,"parent":22,"menu_order":8,"comment_status":"closed","ping_status":"closed","template":"","meta":{"footnotes":""},"class_list":["post-47","page","type-page","status-publish","hentry"],"_links":{"self":[{"href":"https:\/\/www.finstraco.sk\/index.php\/wp-json\/wp\/v2\/pages\/47","targetHints":{"allow":["GET"]}}],"collection":[{"href":"https:\/\/www.finstraco.sk\/index.php\/wp-json\/wp\/v2\/pages"}],"about":[{"href":"https:\/\/www.finstraco.sk\/index.php\/wp-json\/wp\/v2\/types\/page"}],"author":[{"embeddable":true,"href":"https:\/\/www.finstraco.sk\/index.php\/wp-json\/wp\/v2\/users\/1"}],"replies":[{"embeddable":true,"href":"https:\/\/www.finstraco.sk\/index.php\/wp-json\/wp\/v2\/comments?post=47"}],"version-history":[{"count":3,"href":"https:\/\/www.finstraco.sk\/index.php\/wp-json\/wp\/v2\/pages\/47\/revisions"}],"predecessor-version":[{"id":185,"href":"https:\/\/www.finstraco.sk\/index.php\/wp-json\/wp\/v2\/pages\/47\/revisions\/185"}],"up":[{"embeddable":true,"href":"https:\/\/www.finstraco.sk\/index.php\/wp-json\/wp\/v2\/pages\/22"}],"wp:attachment":[{"href":"https:\/\/www.finstraco.sk\/index.php\/wp-json\/wp\/v2\/media?parent=47"}],"curies":[{"name":"wp","href":"https:\/\/api.w.org\/{rel}","templated":true}]}}