{"id":62,"date":"2016-05-25T20:47:58","date_gmt":"2016-05-25T18:47:58","guid":{"rendered":"http:\/\/finstraco.statis.biz\/?page_id=62"},"modified":"2016-05-31T20:19:09","modified_gmt":"2016-05-31T18:19:09","slug":"referencie","status":"publish","type":"page","link":"https:\/\/www.finstraco.sk\/index.php\/sk\/referencie\/","title":{"rendered":"REFERENCIE"},"content":{"rendered":"<p style=\"text-align: justify;\">Spolo\u010dnos\u0165 od svojho vzniku v\u00a0roku 2002 realizovala \u0161irok\u00fa \u0161k\u00e1lu projektov v\u00a0oblastiach svojho podnikania pre mnoh\u00fdch klientov. K\u00a0\u0165a\u017eiskov\u00fdm patria:<\/p>\n<p style=\"text-align: justify;\">Bud\u00facnos\u0165 v\u00a0podnikan\u00ed, o.z., Bratislava<\/p>\n<p style=\"text-align: justify;\">DARUTIL, s.r.o., Dunajsk\u00e1 Streda<\/p>\n<p style=\"text-align: justify;\">Ekonomick\u00e1 fakulta Technickej univerzity v\u00a0Ko\u0161iciach \u2013 Katedra ekonomick\u00fdch te\u00f3ri\u00ed<\/p>\n<p style=\"text-align: justify;\">EUROTARGET, s.r.o., Bratislava<\/p>\n<p style=\"text-align: justify;\">GRUNT, a.s., Bratislava<\/p>\n<p style=\"text-align: justify;\">HOLIDAY VILLAGE s. r. o., Boldog<\/p>\n<p style=\"text-align: justify;\">HORSONA, s.r.o., Trnava<\/p>\n<p style=\"text-align: justify;\">Hotel Delf\u00edn, s. r. o., Senec<\/p>\n<p style=\"text-align: justify;\">Hotel Zelen\u00fd dvor, s. r. o., Senec<\/p>\n<p style=\"text-align: justify;\">JAV\u2013AKC, spolo\u010dnos\u0165 s\u00a0ru\u010den\u00edm obmedzen\u00fdm, Vl\u010dany<\/p>\n<p style=\"text-align: justify;\">Ko\u0161ick\u00fd samospr\u00e1vny kraj \u2013 Odbor region\u00e1lneho rozvoja, \u00fazemn\u00e9ho pl\u00e1novania a\u00a0\u017eivotn\u00e9ho prostredia, Refer\u00e1t region\u00e1lneho rozvoja a\u00a0pl\u00e1novania, Ko\u0161ice<\/p>\n<p style=\"text-align: justify;\">LUMAX, s. r. o., Senec<\/p>\n<p style=\"text-align: justify;\">Mestsk\u00e1 \u010das\u0165 Bratislava \u2013 Jarovce<\/p>\n<p style=\"text-align: justify;\">Mestsk\u00e1 \u010das\u0165 Bratislava \u2013 Podunajsk\u00e9 Biskupice<\/p>\n<p style=\"text-align: justify;\">Miestna ak\u010dn\u00e1 skupina Vodn\u00fd raj \u2013 Aquaparadiso \u2013 V\u00edziparadicsom, Mal\u00e9 Dvorn\u00edky<\/p>\n<p style=\"text-align: justify;\">Ministerstvo v\u00fdstavby a region\u00e1lneho rozvoja SR, Bratislava \u2013 Agent\u00fara na podporu region\u00e1lneho rozvoja<\/p>\n<p style=\"text-align: justify;\">NOVART, s.r.o., Bratislava<\/p>\n<p style=\"text-align: justify;\">Obec Borov\u00e1<\/p>\n<p style=\"text-align: justify;\">Obec Doln\u00fd Chot\u00e1r<\/p>\n<p style=\"text-align: justify;\">Obec Horn\u00e1 Pot\u00f4\u0148<\/p>\n<p style=\"text-align: justify;\">Obec Hubina<\/p>\n<p style=\"text-align: justify;\">Osada DALLAS, spol. s r. o., K\u013ea\u010dno<\/p>\n<p style=\"text-align: justify;\">Slovensk\u00e9 hemofilick\u00e9 zdru\u017eenie, Bratislava<\/p>\n<p style=\"text-align: justify;\">TATRA REAL, a.s., Bratislava<\/p>\n<p style=\"text-align: justify;\">TRANSFER Slovensko, spol. s\u00a0r. o., Bratislava<\/p>\n<p style=\"text-align: justify;\">ZDRU\u017dENIE OBC\u00cd HORN\u00c9HO \u017dITN\u00c9HO OSTROVA V ODPADOVOM HOSPOD\u00c1RSTVE SO S\u00cdDLOM V \u0160AMOR\u00cdNE, \u0160amor\u00edn<\/p>\n<p style=\"text-align: justify;\">V obdob\u00ed rokov 2012 \u2013 2016 sa experti spolo\u010dnosti v\u00a0r\u00e1mci subdod\u00e1vate\u013esk\u00fdch zml\u00fav podie\u013eali na spracovan\u00ed viacer\u00fdch ve\u013ek\u00fdch i\u00a0mal\u00fdch projektov v\u00a0oblasti dopravy (\u0161t\u00fadie uskuto\u010dnite\u013enosti, anal\u00fdzy n\u00e1kladov a\u00a0pr\u00ednosov, dokument\u00e1cie k\u00a0\u017eiadostiam o\u00a0potvrdenie pomoci a\u00a0k\u00a0\u017eiadostiam o\u00a0nen\u00e1vratn\u00fd finan\u010dn\u00fd pr\u00edspevok z\u00a0OP Doprava) pre klientov:<\/p>\n<p style=\"text-align: justify;\">\u017deleznice Slovenskej republiky, Bratislava v\u00a0skr\u00e1tenej forme \u201e\u017dSR\u201c<\/p>\n<p style=\"text-align: justify;\">\u017delezni\u010dn\u00e1 spolo\u010dnos\u0165 Slovensko, a.s. (ZSSK)<\/p>\n","protected":false},"excerpt":{"rendered":"<p>Spolo\u010dnos\u0165 od svojho vzniku v\u00a0roku 2002 realizovala \u0161irok\u00fa \u0161k\u00e1lu projektov v\u00a0oblastiach svojho podnikania pre mnoh\u00fdch klientov. K\u00a0\u0165a\u017eiskov\u00fdm patria: Bud\u00facnos\u0165 v\u00a0podnikan\u00ed, o.z., Bratislava DARUTIL, s.r.o., Dunajsk\u00e1 Streda Ekonomick\u00e1 fakulta Technickej univerzity v\u00a0Ko\u0161iciach \u2013 Katedra ekonomick\u00fdch te\u00f3ri\u00ed EUROTARGET, s.r.o., Bratislava GRUNT, a.s., Bratislava HOLIDAY VILLAGE s. r. o., Boldog HORSONA, s.r.o., Trnava Hotel Delf\u00edn, s. r. o.,&#8230;<\/p>\n","protected":false},"author":1,"featured_media":0,"parent":0,"menu_order":0,"comment_status":"closed","ping_status":"closed","template":"","meta":{"footnotes":""},"class_list":["post-62","page","type-page","status-publish","hentry"],"_links":{"self":[{"href":"https:\/\/www.finstraco.sk\/index.php\/wp-json\/wp\/v2\/pages\/62","targetHints":{"allow":["GET"]}}],"collection":[{"href":"https:\/\/www.finstraco.sk\/index.php\/wp-json\/wp\/v2\/pages"}],"about":[{"href":"https:\/\/www.finstraco.sk\/index.php\/wp-json\/wp\/v2\/types\/page"}],"author":[{"embeddable":true,"href":"https:\/\/www.finstraco.sk\/index.php\/wp-json\/wp\/v2\/users\/1"}],"replies":[{"embeddable":true,"href":"https:\/\/www.finstraco.sk\/index.php\/wp-json\/wp\/v2\/comments?post=62"}],"version-history":[{"count":2,"href":"https:\/\/www.finstraco.sk\/index.php\/wp-json\/wp\/v2\/pages\/62\/revisions"}],"predecessor-version":[{"id":187,"href":"https:\/\/www.finstraco.sk\/index.php\/wp-json\/wp\/v2\/pages\/62\/revisions\/187"}],"wp:attachment":[{"href":"https:\/\/www.finstraco.sk\/index.php\/wp-json\/wp\/v2\/media?parent=62"}],"curies":[{"name":"wp","href":"https:\/\/api.w.org\/{rel}","templated":true}]}}