{"id":67,"date":"2016-05-25T20:49:43","date_gmt":"2016-05-25T18:49:43","guid":{"rendered":"http:\/\/finstraco.statis.biz\/?page_id=67"},"modified":"2016-05-31T20:19:44","modified_gmt":"2016-05-31T18:19:44","slug":"kontakt","status":"publish","type":"page","link":"https:\/\/www.finstraco.sk\/index.php\/sk\/kontakt\/","title":{"rendered":"KONTAKT"},"content":{"rendered":"<p><strong>INFORM\u00c1CIE O SPOLO\u010cNOSTI<\/strong><\/p>\n<p>FINSTRACO, s.r.o.<br \/>\nPribinova 25<br \/>\n811 09 Bratislava<br \/>\nSlovensk\u00e1 republika<\/p>\n<p>telef\u00f3n: +421 2 5363 2894<br \/>\nfax: +421 2 5363 2895<br \/>\n<a href=\"https:\/\/www.finstraco.sk\">www.finstraco.sk<\/a><\/p>\n<p>Obchodn\u00fd register:<br \/>\nOkresn\u00fd s\u00fad Bratislava I<br \/>\n<a href=\"http:\/\/www.orsr.sk\/vypis.asp?ID=36250&amp;SID=2&amp;P=0\" target=\"_blank\">Oddiel Sro, vlo\u017eka \u010d. 27563\/B<\/a><br \/>\nI\u010cO: 35 845 741<\/p>\n<p><strong>KONTAKTN\u00c9 OSOBY<\/strong><\/p>\n<p>Ing. Jana \u0160ikulov\u00e1, PhD.<br \/>\ne-mail: <a href=\"mailto:jsikulova@finstraco.sk\">jsikulova@finstraco.sk<\/a><\/p>\n<p>RNDr. Tatiana Ferancov\u00e1, PhD.<br \/>\ne-mail: <a href=\"mailto:tferancova@finstraco.sk\">tferancova@finstraco.sk<\/a><\/p>\n","protected":false},"excerpt":{"rendered":"<p>INFORM\u00c1CIE O SPOLO\u010cNOSTI FINSTRACO, s.r.o. Pribinova 25 811 09 Bratislava Slovensk\u00e1 republika telef\u00f3n: +421 2 5363 2894 fax: +421 2 5363 2895 www.finstraco.sk Obchodn\u00fd register: Okresn\u00fd s\u00fad Bratislava I Oddiel Sro, vlo\u017eka \u010d. 27563\/B I\u010cO: 35 845 741 KONTAKTN\u00c9 OSOBY Ing. Jana \u0160ikulov\u00e1, PhD. e-mail: jsikulova@finstraco.sk RNDr. Tatiana Ferancov\u00e1, PhD. e-mail: tferancova@finstraco.sk<\/p>\n","protected":false},"author":1,"featured_media":0,"parent":0,"menu_order":0,"comment_status":"closed","ping_status":"closed","template":"","meta":{"footnotes":""},"class_list":["post-67","page","type-page","status-publish","hentry"],"_links":{"self":[{"href":"https:\/\/www.finstraco.sk\/index.php\/wp-json\/wp\/v2\/pages\/67","targetHints":{"allow":["GET"]}}],"collection":[{"href":"https:\/\/www.finstraco.sk\/index.php\/wp-json\/wp\/v2\/pages"}],"about":[{"href":"https:\/\/www.finstraco.sk\/index.php\/wp-json\/wp\/v2\/types\/page"}],"author":[{"embeddable":true,"href":"https:\/\/www.finstraco.sk\/index.php\/wp-json\/wp\/v2\/users\/1"}],"replies":[{"embeddable":true,"href":"https:\/\/www.finstraco.sk\/index.php\/wp-json\/wp\/v2\/comments?post=67"}],"version-history":[{"count":5,"href":"https:\/\/www.finstraco.sk\/index.php\/wp-json\/wp\/v2\/pages\/67\/revisions"}],"predecessor-version":[{"id":172,"href":"https:\/\/www.finstraco.sk\/index.php\/wp-json\/wp\/v2\/pages\/67\/revisions\/172"}],"wp:attachment":[{"href":"https:\/\/www.finstraco.sk\/index.php\/wp-json\/wp\/v2\/media?parent=67"}],"curies":[{"name":"wp","href":"https:\/\/api.w.org\/{rel}","templated":true}]}}